{"id":772,"date":"2024-03-22T21:58:34","date_gmt":"2024-03-22T21:58:34","guid":{"rendered":"https:\/\/egaba.com.br\/?page_id=772"},"modified":"2024-03-25T11:50:48","modified_gmt":"2024-03-25T11:50:48","slug":"quem-somos","status":"publish","type":"page","link":"https:\/\/egaba.com.br\/?page_id=772","title":{"rendered":"Quem Somos"},"content":{"rendered":"\t\t<div data-elementor-type=\"wp-page\" data-elementor-id=\"772\" class=\"elementor elementor-772\" data-elementor-post-type=\"page\">\n\t\t\t\t\t\t<section class=\"elementor-section elementor-top-section elementor-element elementor-element-9a98eed elementor-reverse-mobile elementor-section-boxed elementor-section-height-default elementor-section-height-default\" data-id=\"9a98eed\" data-element_type=\"section\" data-settings=\"{&quot;background_background&quot;:&quot;classic&quot;}\">\n\t\t\t\t\t\t<div class=\"elementor-container elementor-column-gap-default\">\n\t\t\t\t\t<div class=\"elementor-column elementor-col-100 elementor-top-column elementor-element elementor-element-9c201f7\" data-id=\"9c201f7\" data-element_type=\"column\">\n\t\t\t<div class=\"elementor-widget-wrap elementor-element-populated\">\n\t\t\t\t<div class=\"elementor-element elementor-element-70f978e e-con-full e-flex e-con e-parent\" data-id=\"70f978e\" data-element_type=\"container\" data-core-v316-plus=\"true\">\n\t\t<div class=\"elementor-element elementor-element-53efcd7 e-con-full e-flex e-con e-child\" data-id=\"53efcd7\" data-element_type=\"container\">\n\t\t\t\t<div class=\"elementor-element elementor-element-0879485 elementor-widget-tablet__width-initial elementor-widget-mobile__width-inherit elementor-widget elementor-widget-heading\" data-id=\"0879485\" data-element_type=\"widget\" data-widget_type=\"heading.default\">\n\t\t\t\t<div class=\"elementor-widget-container\">\n\t\t\t<style>\/*! elementor - v3.20.0 - 20-03-2024 *\/\n.elementor-heading-title{padding:0;margin:0;line-height:1}.elementor-widget-heading .elementor-heading-title[class*=elementor-size-]>a{color:inherit;font-size:inherit;line-height:inherit}.elementor-widget-heading .elementor-heading-title.elementor-size-small{font-size:15px}.elementor-widget-heading .elementor-heading-title.elementor-size-medium{font-size:19px}.elementor-widget-heading .elementor-heading-title.elementor-size-large{font-size:29px}.elementor-widget-heading .elementor-heading-title.elementor-size-xl{font-size:39px}.elementor-widget-heading .elementor-heading-title.elementor-size-xxl{font-size:59px}<\/style><h2 class=\"elementor-heading-title elementor-size-default\">Quem Somos<\/h2>\t\t<\/div>\n\t\t\t\t<\/div>\n\t\t\t\t<\/div>\n\t\t\t\t<\/div>\n\t\t\t\t\t<\/div>\n\t\t<\/div>\n\t\t\t\t\t<\/div>\n\t\t<\/section>\n\t\t<div class=\"elementor-element elementor-element-988c4b1 e-flex e-con-boxed e-con e-parent\" data-id=\"988c4b1\" data-element_type=\"container\" data-core-v316-plus=\"true\">\n\t\t\t\t\t<div class=\"e-con-inner\">\n\t\t<div class=\"elementor-element elementor-element-e369d2e e-con-full e-flex e-con e-child\" data-id=\"e369d2e\" data-element_type=\"container\">\n\t\t<div class=\"elementor-element elementor-element-514c165 e-con-full e-flex e-con e-child\" data-id=\"514c165\" data-element_type=\"container\">\n\t\t<div class=\"elementor-element elementor-element-a675a02 e-con-full e-flex e-con e-child\" data-id=\"a675a02\" data-element_type=\"container\">\n\t\t\t\t<div class=\"elementor-element elementor-element-09acc4a elementor-widget elementor-widget-text-editor\" data-id=\"09acc4a\" data-element_type=\"widget\" data-widget_type=\"text-editor.default\">\n\t\t\t\t<div class=\"elementor-widget-container\">\n\t\t\t<style>\/*! elementor - v3.20.0 - 20-03-2024 *\/\n.elementor-widget-text-editor.elementor-drop-cap-view-stacked .elementor-drop-cap{background-color:#69727d;color:#fff}.elementor-widget-text-editor.elementor-drop-cap-view-framed .elementor-drop-cap{color:#69727d;border:3px solid;background-color:transparent}.elementor-widget-text-editor:not(.elementor-drop-cap-view-default) .elementor-drop-cap{margin-top:8px}.elementor-widget-text-editor:not(.elementor-drop-cap-view-default) .elementor-drop-cap-letter{width:1em;height:1em}.elementor-widget-text-editor .elementor-drop-cap{float:left;text-align:center;line-height:1;font-size:50px}.elementor-widget-text-editor .elementor-drop-cap-letter{display:inline-block}<\/style>\t\t\t\t<p>O egaba \u00e9 um curso online totalmente digital, mas\u00a0 que tem por traz uma escola f\u00edsica, o Col\u00e9gio Gabarito.\u00a0 Com uma hist\u00f3ria cheia de\u00a0 metodologias j\u00e1 consagradas, resultados e aprova\u00e7\u00f5es propiciando aos alunos a melhor prepara\u00e7\u00e3o para os vestibulares e Enem.<\/p><p>Apesar de ser um curso 100% online, os alunos e alunas ter\u00e3o toda a experi\u00eancia que um curso presencial pode oferecer, com vagas limitadas para cada uma das turmas, incentivamos a itera\u00e7\u00e3o entre os professores e a alunos e a participa\u00e7\u00e3o nas aulas como se estivessem dentro de uma sala de aula.<\/p><p>Nosso curso possui todos os diferenciais necess\u00e1rios para uma boa rotina de estudos e uma excelente prepara\u00e7\u00e3o com acompanhamento di\u00e1rio da coordena\u00e7\u00e3o e apoio\u00a0 para o desenvolvimento de estrat\u00e9gias de estudo e de prova.<\/p><p>\u00a0<\/p>\t\t\t\t\t\t<\/div>\n\t\t\t\t<\/div>\n\t\t\t\t<\/div>\n\t\t\t\t<\/div>\n\t\t\t\t<\/div>\n\t\t\t\t\t<\/div>\n\t\t\t\t<\/div>\n\t\t\t\t<\/div>\n\t\t","protected":false},"excerpt":{"rendered":"<p>O egaba \u00e9 um curso online totalmente digital, mas\u00a0 que tem por traz uma escola f\u00edsica, o Col\u00e9gio Gabarito.\u00a0 Com uma hist\u00f3ria [&hellip;]<\/p>\n","protected":false},"author":1,"featured_media":0,"parent":0,"menu_order":0,"comment_status":"closed","ping_status":"closed","template":"","meta":{"_acf_changed":false,"footnotes":""},"categories":[],"tags":[],"acf":[],"_links":{"self":[{"href":"https:\/\/egaba.com.br\/index.php?rest_route=\/wp\/v2\/pages\/772"}],"collection":[{"href":"https:\/\/egaba.com.br\/index.php?rest_route=\/wp\/v2\/pages"}],"about":[{"href":"https:\/\/egaba.com.br\/index.php?rest_route=\/wp\/v2\/types\/page"}],"author":[{"embeddable":true,"href":"https:\/\/egaba.com.br\/index.php?rest_route=\/wp\/v2\/users\/1"}],"replies":[{"embeddable":true,"href":"https:\/\/egaba.com.br\/index.php?rest_route=%2Fwp%2Fv2%2Fcomments&post=772"}],"version-history":[{"count":10,"href":"https:\/\/egaba.com.br\/index.php?rest_route=\/wp\/v2\/pages\/772\/revisions"}],"predecessor-version":[{"id":900,"href":"https:\/\/egaba.com.br\/index.php?rest_route=\/wp\/v2\/pages\/772\/revisions\/900"}],"wp:attachment":[{"href":"https:\/\/egaba.com.br\/index.php?rest_route=%2Fwp%2Fv2%2Fmedia&parent=772"}],"wp:term":[{"taxonomy":"category","embeddable":true,"href":"https:\/\/egaba.com.br\/index.php?rest_route=%2Fwp%2Fv2%2Fcategories&post=772"},{"taxonomy":"post_tag","embeddable":true,"href":"https:\/\/egaba.com.br\/index.php?rest_route=%2Fwp%2Fv2%2Ftags&post=772"}],"curies":[{"name":"wp","href":"https:\/\/api.w.org\/{rel}","templated":true}]}}